{"id":709,"date":"2022-08-07T07:40:57","date_gmt":"2022-08-07T07:40:57","guid":{"rendered":"https:\/\/www.panorama-lauf.de\/?page_id=709"},"modified":"2024-03-10T11:51:28","modified_gmt":"2024-03-10T11:51:28","slug":"streckeninfo","status":"publish","type":"page","link":"https:\/\/www.panorama-lauf.de\/index.php\/streckeninfo\/","title":{"rendered":"Streckeninfo"},"content":{"rendered":"<p>5 km bzw. 10km Wendepunktstrecke bzw. Rundkurs \u00fcber asphaltierte Feldwege und durch die Stra\u00dfen von Rothenberg. Asphalt auf der gesamten Strecke, kurze Splitt Passage am Wendepunkt. Die Azurit Challenge \u00fcber 22km f\u00fchrt sowohl \u00fcber asphaltierte Feldwege als auch \u00fcber Waldwege. Die Streckenf\u00fchrung ist gekennzeichnet und Streckenposten sind vorhanden. Verpflegungsstelle im Start\/Ziel Bereich sowie auf der Strecke mit Wasser, Iso-Getr\u00e4nken. Im Ziel Bananen, Wasser, Iso-Getr\u00e4nke f\u00fcr jeden Teilnehmer. Sonstige Speisen und Getr\u00e4nke sind auf dem Veranstaltungsgel\u00e4nde zu orts\u00fcblichen Preisen erh\u00e4ltlich. Umkleide und Duschm\u00f6glichkeiten in der Sporthalle vor dem Start\/Ziel Bereich. Jeder Finisher erh\u00e4lt eine Urkunde zum Selbstausdruck (Onlineausdruck nach der Veranstaltung). F\u00fcr die Platzierungen 1-3 der Gesamtwertungen f\u00fcr jeden Lauf wird im Rahmen der Veranstaltung eine Siegerehrung mit Urkunden und Sachpreisen durchgef\u00fchrt. <br \/><br \/>Den Anweisungen der Kontrollposten ist unbedingt Folge zu leisten. Mit seiner Anmeldung erkl\u00e4rt jeder Teilnehmer, dass er auf etwaige Schadensersatzanspr\u00fcche gegen\u00fcber dem Veranstalter und\/oder beauftragten Dritten verzichtet. Der Veranstalter \u00fcbernimmt keine Haftung bei Diebstahl, Unf\u00e4llen oder sonstigen Schadensf\u00e4llen, die durch Vorsatz und\/oder Fahrl\u00e4ssigkeit entstehen. Der Teilnehmer ist damit einverstanden, dass die bei der Anmeldung gemachten Daten und die von ihm im Zusammenhang mit der Teilnahme am Panorama Lauf Rothenberg gemachten Bild, Film oder Tonaufnahmen ohne Verg\u00fctung seinerseits zu veranstaltungsbezogenen Zwecken genutzt werden.<br \/><br \/>Der Teilnehmer erkl\u00e4rt dass er f\u00fcr die Teilnahme am Panorama Lauf Rothenberg ausreichend k\u00f6rperlich gesund ist und sein Gesundheitszustand \u00e4rztlich best\u00e4tigt ist. Der Teilnehmer versichert ferner, dass seine Angaben zu Alter, Name und Geburtsjahr korrekt sind und er sein Startnummer und seinen Chip an keinen anderen weitergeben wird. Hinweis laut Datenschutzgesetz: Ihre Daten werden manuell gespeichert.<\/p>\n\n\n\n<p><\/p>\n\n\n\n<h4 class=\"wp-block-heading\">5km und 10km Lauf<\/h4>\n\n\n<div class=\"wp-block-image\">\n<figure class=\"aligncenter size-large is-resized\"><img decoding=\"async\" loading=\"lazy\" src=\"https:\/\/www.panorama-lauf.de\/wp-content\/uploads\/2022\/08\/grafik-1020x1024.png\" alt=\"\" class=\"wp-image-755\" width=\"765\" height=\"768\" srcset=\"https:\/\/www.panorama-lauf.de\/wp-content\/uploads\/2022\/08\/grafik-1020x1024.png 1020w, https:\/\/www.panorama-lauf.de\/wp-content\/uploads\/2022\/08\/grafik-300x300.png 300w, https:\/\/www.panorama-lauf.de\/wp-content\/uploads\/2022\/08\/grafik-150x150.png 150w, https:\/\/www.panorama-lauf.de\/wp-content\/uploads\/2022\/08\/grafik-768x771.png 768w, https:\/\/www.panorama-lauf.de\/wp-content\/uploads\/2022\/08\/grafik-70x70.png 70w, https:\/\/www.panorama-lauf.de\/wp-content\/uploads\/2022\/08\/grafik-127x127.png 127w, https:\/\/www.panorama-lauf.de\/wp-content\/uploads\/2022\/08\/grafik-125x125.png 125w, https:\/\/www.panorama-lauf.de\/wp-content\/uploads\/2022\/08\/grafik-116x116.png 116w, https:\/\/www.panorama-lauf.de\/wp-content\/uploads\/2022\/08\/grafik.png 1056w\" sizes=\"(max-width: 765px) 100vw, 765px\" \/><\/figure><\/div>\n\n\n<h4 class=\"wp-block-heading\">Azurit Challenge (22km)<\/h4>\n\n\n<div class=\"wp-block-image\">\n<figure class=\"aligncenter size-large\"><img decoding=\"async\" loading=\"lazy\" width=\"1024\" height=\"783\" src=\"https:\/\/www.panorama-lauf.de\/wp-content\/uploads\/2023\/01\/index-1024x783.jpg\" alt=\"\" class=\"wp-image-824\" srcset=\"https:\/\/www.panorama-lauf.de\/wp-content\/uploads\/2023\/01\/index-1024x783.jpg 1024w, https:\/\/www.panorama-lauf.de\/wp-content\/uploads\/2023\/01\/index-300x229.jpg 300w, https:\/\/www.panorama-lauf.de\/wp-content\/uploads\/2023\/01\/index-768x587.jpg 768w, https:\/\/www.panorama-lauf.de\/wp-content\/uploads\/2023\/01\/index-1536x1174.jpg 1536w, https:\/\/www.panorama-lauf.de\/wp-content\/uploads\/2023\/01\/index-152x116.jpg 152w, https:\/\/www.panorama-lauf.de\/wp-content\/uploads\/2023\/01\/index.jpg 1600w\" sizes=\"(max-width: 1024px) 100vw, 1024px\" \/><\/figure><\/div>","protected":false},"excerpt":{"rendered":"<p>5 km bzw. 10km Wendepunktstrecke bzw. Rundkurs \u00fcber asphaltierte Feldwege und durch die Stra\u00dfen von Rothenberg. Asphalt auf der gesamten Strecke, kurze Splitt Passage am Wendepunkt. Die Azurit Challenge \u00fcber 22km f\u00fchrt sowohl \u00fcber asphaltierte Feldwege als auch \u00fcber Waldwege. Die Streckenf\u00fchrung ist gekennzeichnet und Streckenposten sind vorhanden. Verpflegungsstelle im Start\/Ziel Bereich sowie auf der Strecke mit Wasser, Iso-Getr\u00e4nken. Im Ziel Bananen, Wasser, Iso-Getr\u00e4nke f\u00fcr jeden Teilnehmer. Sonstige Speisen und Getr\u00e4nke sind auf dem Veranstaltungsgel\u00e4nde zu orts\u00fcblichen Preisen erh\u00e4ltlich. Umkleide und Duschm\u00f6glichkeiten in der Sporthalle vor dem Start\/Ziel Bereich. Jeder Finisher erh\u00e4lt eine Urkunde zum Selbstausdruck (Onlineausdruck nach der Veranstaltung). F\u00fcr die Platzierungen 1-3 der Gesamtwertungen f\u00fcr jeden Lauf wird im Rahmen der Veranstaltung eine Siegerehrung mit Urkunden und Sachpreisen durchgef\u00fchrt. <br \/><br \/>Den Anweisungen der Kontrollposten ist unbedingt Folge zu leisten. Mit seiner Anmeldung erkl\u00e4rt jeder Teilnehmer, dass er auf etwaige Schadensersatzanspr\u00fcche gegen\u00fcber dem Veranstalter und\/oder beauftragten Dritten verzichtet. Der Veranstalter \u00fcbernimmt keine Haftung bei Diebstahl, Unf\u00e4llen oder sonstigen Schadensf\u00e4llen, die durch Vorsatz und\/oder Fahrl\u00e4ssigkeit entstehen. Der Teilnehmer ist damit einverstanden, dass die bei der Anmeldung gemachten Daten und die von ihm im Zusammenhang mit der Teilnahme am Panorama Lauf Rothenberg gemachten Bild, Film oder Tonaufnahmen ohne Verg\u00fctung seinerseits zu veranstaltungsbezogenen Zwecken genutzt werden.<br \/><br \/>Der Teilnehmer erkl\u00e4rt dass er f\u00fcr die Teilnahme am Panorama Lauf Rothenberg ausreichend k\u00f6rperlich gesund ist und sein Gesundheitszustand \u00e4rztlich best\u00e4tigt ist. Der Teilnehmer versichert ferner, dass seine Angaben zu Alter, Name und Geburtsjahr korrekt sind und er sein Startnummer und seinen Chip an keinen anderen weitergeben wird. Hinweis laut Datenschutzgesetz: Ihre Daten werden manuell gespeichert.<\/p>\n\n\n\n<p><\/p>\n\n\n\n<h4 class=\"wp-block-heading\">5km und 10km Lauf<\/h4>\n\n\n<div class=\"wp-block-image\">\n<figure class=\"aligncenter size-large is-resized\"><img decoding=\"async\" loading=\"lazy\" src=\"https:\/\/www.panorama-lauf.de\/wp-content\/uploads\/2022\/08\/grafik-1020x1024.png\" alt=\"\" class=\"wp-image-755\" width=\"765\" height=\"768\" srcset=\"https:\/\/www.panorama-lauf.de\/wp-content\/uploads\/2022\/08\/grafik-1020x1024.png 1020w, https:\/\/www.panorama-lauf.de\/wp-content\/uploads\/2022\/08\/grafik-300x300.png 300w, https:\/\/www.panorama-lauf.de\/wp-content\/uploads\/2022\/08\/grafik-150x150.png 150w, https:\/\/www.panorama-lauf.de\/wp-content\/uploads\/2022\/08\/grafik-768x771.png 768w, https:\/\/www.panorama-lauf.de\/wp-content\/uploads\/2022\/08\/grafik-70x70.png 70w, https:\/\/www.panorama-lauf.de\/wp-content\/uploads\/2022\/08\/grafik-127x127.png 127w, https:\/\/www.panorama-lauf.de\/wp-content\/uploads\/2022\/08\/grafik-125x125.png 125w, https:\/\/www.panorama-lauf.de\/wp-content\/uploads\/2022\/08\/grafik-116x116.png 116w, https:\/\/www.panorama-lauf.de\/wp-content\/uploads\/2022\/08\/grafik.png 1056w\" sizes=\"(max-width: 765px) 100vw, 765px\" \/><\/figure><\/div>\n\n\n<h4 class=\"wp-block-heading\">Azurit Challenge (22km)<\/h4>\n\n\n<div class=\"wp-block-image\">\n<figure class=\"aligncenter size-large\"><img decoding=\"async\" loading=\"lazy\" width=\"1024\" height=\"783\" src=\"https:\/\/www.panorama-lauf.de\/wp-content\/uploads\/2023\/01\/index-1024x783.jpg\" alt=\"\" class=\"wp-image-824\" srcset=\"https:\/\/www.panorama-lauf.de\/wp-content\/uploads\/2023\/01\/index-1024x783.jpg 1024w, https:\/\/www.panorama-lauf.de\/wp-content\/uploads\/2023\/01\/index-300x229.jpg 300w, https:\/\/www.panorama-lauf.de\/wp-content\/uploads\/2023\/01\/index-768x587.jpg 768w, https:\/\/www.panorama-lauf.de\/wp-content\/uploads\/2023\/01\/index-1536x1174.jpg 1536w, https:\/\/www.panorama-lauf.de\/wp-content\/uploads\/2023\/01\/index-152x116.jpg 152w, https:\/\/www.panorama-lauf.de\/wp-content\/uploads\/2023\/01\/index.jpg 1600w\" sizes=\"(max-width: 1024px) 100vw, 1024px\" \/><\/figure><\/div>","protected":false},"author":1,"featured_media":0,"parent":0,"menu_order":0,"comment_status":"closed","ping_status":"closed","template":"","meta":[],"_links":{"self":[{"href":"https:\/\/www.panorama-lauf.de\/index.php\/wp-json\/wp\/v2\/pages\/709"}],"collection":[{"href":"https:\/\/www.panorama-lauf.de\/index.php\/wp-json\/wp\/v2\/pages"}],"about":[{"href":"https:\/\/www.panorama-lauf.de\/index.php\/wp-json\/wp\/v2\/types\/page"}],"author":[{"embeddable":true,"href":"https:\/\/www.panorama-lauf.de\/index.php\/wp-json\/wp\/v2\/users\/1"}],"replies":[{"embeddable":true,"href":"https:\/\/www.panorama-lauf.de\/index.php\/wp-json\/wp\/v2\/comments?post=709"}],"version-history":[{"count":7,"href":"https:\/\/www.panorama-lauf.de\/index.php\/wp-json\/wp\/v2\/pages\/709\/revisions"}],"predecessor-version":[{"id":1168,"href":"https:\/\/www.panorama-lauf.de\/index.php\/wp-json\/wp\/v2\/pages\/709\/revisions\/1168"}],"wp:attachment":[{"href":"https:\/\/www.panorama-lauf.de\/index.php\/wp-json\/wp\/v2\/media?parent=709"}],"curies":[{"name":"wp","href":"https:\/\/api.w.org\/{rel}","templated":true}]}}